{"id":855,"date":"2025-02-20T20:00:14","date_gmt":"2025-02-20T19:00:14","guid":{"rendered":"https:\/\/neu.sv-gossensass.org\/impressum\/"},"modified":"2025-08-27T17:17:59","modified_gmt":"2025-08-27T15:17:59","slug":"impresso","status":"publish","type":"page","link":"https:\/\/sv-gossensass.org\/it\/impresso\/","title":{"rendered":"Impresso"},"content":{"rendered":"[vc_row type=&#8221;in_container&#8221; full_screen_row_position=&#8221;middle&#8221; column_margin=&#8221;default&#8221; column_direction=&#8221;default&#8221; column_direction_tablet=&#8221;default&#8221; column_direction_phone=&#8221;default&#8221; scene_position=&#8221;center&#8221; text_color=&#8221;dark&#8221; text_align=&#8221;left&#8221; row_border_radius=&#8221;none&#8221; row_border_radius_applies=&#8221;bg&#8221; overflow=&#8221;visible&#8221; overlay_strength=&#8221;0.3&#8243; gradient_direction=&#8221;left_to_right&#8221; shape_divider_position=&#8221;bottom&#8221; bg_image_animation=&#8221;none&#8221; shape_type=&#8221;&#8221;][vc_column column_padding=&#8221;no-extra-padding&#8221; column_padding_tablet=&#8221;inherit&#8221; column_padding_phone=&#8221;inherit&#8221; column_padding_position=&#8221;all&#8221; column_element_direction_desktop=&#8221;default&#8221; column_element_spacing=&#8221;default&#8221; desktop_text_alignment=&#8221;default&#8221; tablet_text_alignment=&#8221;default&#8221; phone_text_alignment=&#8221;default&#8221; background_color_opacity=&#8221;1&#8243; background_hover_color_opacity=&#8221;1&#8243; column_backdrop_filter=&#8221;none&#8221; column_shadow=&#8221;none&#8221; column_border_radius=&#8221;none&#8221; column_link_target=&#8221;_self&#8221; column_position=&#8221;default&#8221; gradient_direction=&#8221;left_to_right&#8221; overlay_strength=&#8221;0.3&#8243; width=&#8221;1\/1&#8243; tablet_width_inherit=&#8221;default&#8221; animation_type=&#8221;default&#8221; bg_image_animation=&#8221;none&#8221; border_type=&#8221;simple&#8221; column_border_width=&#8221;none&#8221; column_border_style=&#8221;solid&#8221; column_padding_type=&#8221;default&#8221; gradient_type=&#8221;default&#8221;][divider line_type=&#8221;No Line&#8221; custom_height=&#8221;50&#8243;][vc_column_text css=&#8221;&#8221; text_direction=&#8221;default&#8221;]\n<h2>Cliente e responsabile di tutti i contenuti:<\/h2>\n[\/vc_column_text][\/vc_column][\/vc_row][vc_row type=&#8221;in_container&#8221; full_screen_row_position=&#8221;middle&#8221; column_margin=&#8221;default&#8221; column_direction=&#8221;default&#8221; column_direction_tablet=&#8221;default&#8221; column_direction_phone=&#8221;default&#8221; scene_position=&#8221;center&#8221; text_color=&#8221;dark&#8221; text_align=&#8221;left&#8221; row_border_radius=&#8221;none&#8221; row_border_radius_applies=&#8221;bg&#8221; overflow=&#8221;visible&#8221; overlay_strength=&#8221;0.3&#8243; gradient_direction=&#8221;left_to_right&#8221; shape_divider_position=&#8221;bottom&#8221; bg_image_animation=&#8221;none&#8221; shape_type=&#8221;&#8221;][vc_column column_padding=&#8221;no-extra-padding&#8221; column_padding_tablet=&#8221;inherit&#8221; column_padding_phone=&#8221;inherit&#8221; column_padding_position=&#8221;all&#8221; column_element_direction_desktop=&#8221;default&#8221; column_element_spacing=&#8221;default&#8221; desktop_text_alignment=&#8221;default&#8221; tablet_text_alignment=&#8221;default&#8221; phone_text_alignment=&#8221;default&#8221; background_color_opacity=&#8221;1&#8243; background_hover_color_opacity=&#8221;1&#8243; column_backdrop_filter=&#8221;none&#8221; column_shadow=&#8221;none&#8221; column_border_radius=&#8221;none&#8221; column_link_target=&#8221;_self&#8221; column_position=&#8221;default&#8221; gradient_direction=&#8221;left_to_right&#8221; overlay_strength=&#8221;0.3&#8243; width=&#8221;1\/2&#8243; tablet_width_inherit=&#8221;default&#8221; animation_type=&#8221;default&#8221; bg_image_animation=&#8221;none&#8221; border_type=&#8221;simple&#8221; column_border_width=&#8221;none&#8221; column_border_style=&#8221;solid&#8221; column_padding_type=&#8221;default&#8221; gradient_type=&#8221;default&#8221;][divider line_type=&#8221;No Line&#8221; custom_height=&#8221;50&#8243;][vc_column_text css=&#8221;&#8221; text_direction=&#8221;default&#8221;]<strong>ASV Colle Isarco<\/strong><br \/>\nPiazza Ibsen 2<br \/>\nI-39040 Colle Isarco<br \/>\nE-Mail: <a href=\"mailto:info@sv-gossensass.org\">info@sv-gossensass.org<\/a><\/p>\n<p>IBAN: IT04C0818258210000302000059[\/vc_column_text][\/vc_column][vc_column column_padding=&#8221;no-extra-padding&#8221; column_padding_tablet=&#8221;inherit&#8221; column_padding_phone=&#8221;inherit&#8221; column_padding_position=&#8221;all&#8221; column_element_direction_desktop=&#8221;default&#8221; column_element_spacing=&#8221;default&#8221; desktop_text_alignment=&#8221;default&#8221; tablet_text_alignment=&#8221;default&#8221; phone_text_alignment=&#8221;default&#8221; background_color_opacity=&#8221;1&#8243; background_hover_color_opacity=&#8221;1&#8243; column_backdrop_filter=&#8221;none&#8221; column_shadow=&#8221;none&#8221; column_border_radius=&#8221;none&#8221; column_link_target=&#8221;_self&#8221; column_position=&#8221;default&#8221; gradient_direction=&#8221;left_to_right&#8221; overlay_strength=&#8221;0.3&#8243; width=&#8221;1\/2&#8243; tablet_width_inherit=&#8221;default&#8221; animation_type=&#8221;default&#8221; bg_image_animation=&#8221;none&#8221; border_type=&#8221;simple&#8221; column_border_width=&#8221;none&#8221; column_border_style=&#8221;solid&#8221;][divider line_type=&#8221;No Line&#8221; custom_height=&#8221;50&#8243;][vc_column_text css=&#8221;&#8221; text_direction=&#8221;default&#8221;]Codice fiscale: 81007570211<br \/>\nPartita IVA: 03177070210<br \/>\nCodice ATEKO: 931200<br \/>\nCodice destintatario: M5UXCR1<br \/>\nPEC: <a href=\"mailto:asv-gossensass@pec.rolmail.net\">asv-gossensass@pec.rolmail.net<\/a>[\/vc_column_text][\/vc_column][\/vc_row][vc_row type=&#8221;in_container&#8221; full_screen_row_position=&#8221;middle&#8221; column_margin=&#8221;default&#8221; column_direction=&#8221;default&#8221; column_direction_tablet=&#8221;default&#8221; column_direction_phone=&#8221;default&#8221; scene_position=&#8221;center&#8221; text_color=&#8221;dark&#8221; text_align=&#8221;left&#8221; row_border_radius=&#8221;none&#8221; row_border_radius_applies=&#8221;bg&#8221; overflow=&#8221;visible&#8221; overlay_strength=&#8221;0.3&#8243; gradient_direction=&#8221;left_to_right&#8221; shape_divider_position=&#8221;bottom&#8221; bg_image_animation=&#8221;none&#8221; shape_type=&#8221;&#8221;][vc_column column_padding=&#8221;no-extra-padding&#8221; column_padding_tablet=&#8221;inherit&#8221; column_padding_phone=&#8221;inherit&#8221; column_padding_position=&#8221;all&#8221; column_element_direction_desktop=&#8221;default&#8221; column_element_spacing=&#8221;default&#8221; desktop_text_alignment=&#8221;default&#8221; tablet_text_alignment=&#8221;default&#8221; phone_text_alignment=&#8221;default&#8221; background_color_opacity=&#8221;1&#8243; background_hover_color_opacity=&#8221;1&#8243; column_backdrop_filter=&#8221;none&#8221; column_shadow=&#8221;none&#8221; column_border_radius=&#8221;none&#8221; column_link_target=&#8221;_self&#8221; column_position=&#8221;default&#8221; gradient_direction=&#8221;left_to_right&#8221; overlay_strength=&#8221;0.3&#8243; width=&#8221;1\/1&#8243; tablet_width_inherit=&#8221;default&#8221; animation_type=&#8221;default&#8221; bg_image_animation=&#8221;none&#8221; border_type=&#8221;simple&#8221; column_border_width=&#8221;none&#8221; column_border_style=&#8221;solid&#8221; column_padding_type=&#8221;default&#8221; gradient_type=&#8221;default&#8221;][vc_column_text css=&#8221;&#8221; text_direction=&#8221;default&#8221;]\n<h3>Contributi pubblici<\/h3>\n<p><a href=\"https:\/\/sv-gossensass.org\/uploads\/oeffentliche-beitraege.pdf\">Tutte le informazioni sono riassunte in questo PDF.<\/a><\/p>\n<p>&nbsp;<\/p>\n<h3>Copyright:<\/h3>\n<p>I contenuti e le opere presenti su queste pagine, creati dai gestori del sito, sono soggetti a copyright. La riproduzione, l&#8217;editing, la distribuzione e qualsiasi tipo di sfruttamento al di fuori dei limiti previsti dalla legge sul copyright richiedono il consenso scritto del rispettivo autore o creatore. Download e copie di questa pagina sono consentiti solo con espressa autorizzazione.<\/p>\n<p>Le informazioni contenute nel sito web sono redatte al meglio delle nostre conoscenze e sono state accuratamente verificate per verificarne l&#8217;accuratezza. Tuttavia, non si possono escludere completamente errori di contenuto e di fatto. ASV Gossensa\u00df non si assume pertanto alcuna garanzia o responsabilit\u00e0 per l&#8217;accuratezza, la tempestivit\u00e0 o la completezza delle informazioni fornite. Tutte le informazioni sono fornite senza garanzia.<\/p>\n<p>In caso di controversie relative al dominio, al diritto della concorrenza o a questioni simili, vi preghiamo di contattarci in anticipo per evitare inutili controversie legali e relativi costi. Qualsiasi fattura per un avviso di garanzia senza previo contatto con noi sar\u00e0 respinta in quanto infondata, in conformit\u00e0 con l&#8217;obbligo di riduzione del danno.<\/p>\n<p>&nbsp;<\/p>\n<h3>Responsabilit\u00e0 per i contenuti<\/h3>\n<p>Siamo responsabili dei nostri contenuti su queste pagine in conformit\u00e0 con le leggi generali. Tuttavia, non siamo tenuti a monitorare le informazioni di terze parti trasmesse o memorizzate n\u00e9 a indagare su circostanze che indichino attivit\u00e0 illecite.<\/p>\n<p>Gli obblighi di rimuovere o bloccare l&#8217;uso di informazioni in conformit\u00e0 con le leggi generali rimangono inalterati. Tuttavia, la responsabilit\u00e0 in merito \u00e8 possibile solo a partire dal momento in cui si viene a conoscenza di una specifica violazione della legge. Non appena veniamo a conoscenza di tali violazioni, rimuoveremo immediatamente tali contenuti.<\/p>\n<p>&nbsp;<\/p>\n<h3>Riferimenti e collegamenti<\/h3>\n<p>Il nostro sito web contiene link a siti web esterni di terze parti, sui cui contenuti non abbiamo alcuna influenza. Pertanto, non ci assumiamo alcuna responsabilit\u00e0 per tali contenuti esterni. Il rispettivo fornitore o gestore delle pagine collegate \u00e8 sempre responsabile del contenuto delle pagine collegate. Le pagine collegate sono state sottoposte a verifica al momento del collegamento per eventuali violazioni legali. Non erano riconoscibili contenuti illegali al momento del collegamento.<\/p>\n<p>Tuttavia, un monitoraggio permanente del contenuto delle pagine collegate \u00e8 irragionevole in assenza di prove concrete di una violazione legale. In caso di notifica di eventuali violazioni legali, rimuoveremo immediatamente tali link.<\/p>\n<p>&nbsp;<\/p>\n<h3>Informazioni obbligatorie ai sensi del Regolamento UE n. 524\/2013 del Parlamento europeo e del Consiglio<\/h3>\n<p><a href=\"http:\/\/ec.europa.eu\/consumers\/odr\/\">Piattaforma per la risoluzione delle controversie online (ODR) della Commissione europea<\/a>[\/vc_column_text][\/vc_column][\/vc_row]\n","protected":false},"excerpt":{"rendered":"<p>[vc_row type=&#8221;in_container&#8221; full_screen_row_position=&#8221;middle&#8221; column_margin=&#8221;default&#8221; column_direction=&#8221;default&#8221; column_direction_tablet=&#8221;default&#8221; column_direction_phone=&#8221;default&#8221; scene_position=&#8221;center&#8221; text_color=&#8221;dark&#8221; text_align=&#8221;left&#8221; row_border_radius=&#8221;none&#8221; row_border_radius_applies=&#8221;bg&#8221; overflow=&#8221;visible&#8221; overlay_strength=&#8221;0.3&#8243; gradient_direction=&#8221;left_to_right&#8221; shape_divider_position=&#8221;bottom&#8221; bg_image_animation=&#8221;none&#8221; shape_type=&#8221;&#8221;][vc_column column_padding=&#8221;no-extra-padding&#8221; column_padding_tablet=&#8221;inherit&#8221; column_padding_phone=&#8221;inherit&#8221; column_padding_position=&#8221;all&#8221; column_element_direction_desktop=&#8221;default&#8221; column_element_spacing=&#8221;default&#8221; desktop_text_alignment=&#8221;default&#8221; tablet_text_alignment=&#8221;default&#8221; phone_text_alignment=&#8221;default&#8221; background_color_opacity=&#8221;1&#8243; background_hover_color_opacity=&#8221;1&#8243; column_backdrop_filter=&#8221;none&#8221;&#8230;<\/p>\n","protected":false},"author":1,"featured_media":0,"parent":0,"menu_order":0,"comment_status":"closed","ping_status":"closed","template":"","meta":{"footnotes":""},"class_list":["post-855","page","type-page","status-publish"],"yoast_head":"<!-- This site is optimized with the Yoast SEO plugin v27.4 - https:\/\/yoast.com\/product\/yoast-seo-wordpress\/ -->\n<title>Impresso &#8212; ASV Gossensa\u00df<\/title>\n<meta name=\"robots\" content=\"index, follow, max-snippet:-1, max-image-preview:large, max-video-preview:-1\" \/>\n<link rel=\"canonical\" href=\"https:\/\/sv-gossensass.org\/it\/impresso\/\" \/>\n<meta name=\"twitter:card\" content=\"summary_large_image\" \/>\n<meta name=\"twitter:title\" content=\"Impresso &#8212; ASV Gossensa\u00df\" \/>\n<meta name=\"twitter:description\" content=\"[vc_row type=&#8221;in_container&#8221; full_screen_row_position=&#8221;middle&#8221; column_margin=&#8221;default&#8221; column_direction=&#8221;default&#8221; column_direction_tablet=&#8221;default&#8221; column_direction_phone=&#8221;default&#8221; scene_position=&#8221;center&#8221; text_color=&#8221;dark&#8221; text_align=&#8221;left&#8221; row_border_radius=&#8221;none&#8221; row_border_radius_applies=&#8221;bg&#8221; overflow=&#8221;visible&#8221; overlay_strength=&#8221;0.3&#8243; gradient_direction=&#8221;left_to_right&#8221; shape_divider_position=&#8221;bottom&#8221; bg_image_animation=&#8221;none&#8221; shape_type=&#8221;&#8221;][vc_column column_padding=&#8221;no-extra-padding&#8221; column_padding_tablet=&#8221;inherit&#8221; column_padding_phone=&#8221;inherit&#8221; column_padding_position=&#8221;all&#8221; column_element_direction_desktop=&#8221;default&#8221; column_element_spacing=&#8221;default&#8221; desktop_text_alignment=&#8221;default&#8221; tablet_text_alignment=&#8221;default&#8221; phone_text_alignment=&#8221;default&#8221; background_color_opacity=&#8221;1&#8243; background_hover_color_opacity=&#8221;1&#8243; column_backdrop_filter=&#8221;none&#8221;...\" \/>\n<script type=\"application\/ld+json\" class=\"yoast-schema-graph\">{\"@context\":\"https:\\\/\\\/schema.org\",\"@graph\":[{\"@type\":\"WebPage\",\"@id\":\"https:\\\/\\\/sv-gossensass.org\\\/it\\\/impresso\\\/\",\"url\":\"https:\\\/\\\/sv-gossensass.org\\\/it\\\/impresso\\\/\",\"name\":\"Impresso &#8212; ASV Gossensa\u00df\",\"isPartOf\":{\"@id\":\"https:\\\/\\\/sv-gossensass.org\\\/#website\"},\"datePublished\":\"2025-02-20T19:00:14+00:00\",\"dateModified\":\"2025-08-27T15:17:59+00:00\",\"breadcrumb\":{\"@id\":\"https:\\\/\\\/sv-gossensass.org\\\/it\\\/impresso\\\/#breadcrumb\"},\"inLanguage\":\"it-IT\",\"potentialAction\":[{\"@type\":\"ReadAction\",\"target\":[\"https:\\\/\\\/sv-gossensass.org\\\/it\\\/impresso\\\/\"]}]},{\"@type\":\"BreadcrumbList\",\"@id\":\"https:\\\/\\\/sv-gossensass.org\\\/it\\\/impresso\\\/#breadcrumb\",\"itemListElement\":[{\"@type\":\"ListItem\",\"position\":1,\"name\":\"Pagina iniziale\",\"item\":\"https:\\\/\\\/sv-gossensass.org\\\/it\\\/\"},{\"@type\":\"ListItem\",\"position\":2,\"name\":\"Impresso\"}]},{\"@type\":\"WebSite\",\"@id\":\"https:\\\/\\\/sv-gossensass.org\\\/#website\",\"url\":\"https:\\\/\\\/sv-gossensass.org\\\/\",\"name\":\"ASV Gossensa\u00df\",\"description\":\"Societ\u00e0 Sportiva Dilettantistica Alto Adige\",\"publisher\":{\"@id\":\"https:\\\/\\\/sv-gossensass.org\\\/#organization\"},\"alternateName\":\"Amateursportverein in Gossensass S\u00fcdtirol\",\"potentialAction\":[{\"@type\":\"SearchAction\",\"target\":{\"@type\":\"EntryPoint\",\"urlTemplate\":\"https:\\\/\\\/sv-gossensass.org\\\/?s={search_term_string}\"},\"query-input\":{\"@type\":\"PropertyValueSpecification\",\"valueRequired\":true,\"valueName\":\"search_term_string\"}}],\"inLanguage\":\"it-IT\"},{\"@type\":\"Organization\",\"@id\":\"https:\\\/\\\/sv-gossensass.org\\\/#organization\",\"name\":\"ASV Gossensa\u00df\",\"alternateName\":\"Amateursportverein in Gossensass S\u00fcdtirol\",\"url\":\"https:\\\/\\\/sv-gossensass.org\\\/\",\"logo\":{\"@type\":\"ImageObject\",\"inLanguage\":\"it-IT\",\"@id\":\"https:\\\/\\\/sv-gossensass.org\\\/#\\\/schema\\\/logo\\\/image\\\/\",\"url\":\"https:\\\/\\\/sv-gossensass.org\\\/wp-content\\\/uploads\\\/2025\\\/02\\\/asv-gossensass-logo-8001-1.png\",\"contentUrl\":\"https:\\\/\\\/sv-gossensass.org\\\/wp-content\\\/uploads\\\/2025\\\/02\\\/asv-gossensass-logo-8001-1.png\",\"width\":1917,\"height\":771,\"caption\":\"ASV Gossensa\u00df\"},\"image\":{\"@id\":\"https:\\\/\\\/sv-gossensass.org\\\/#\\\/schema\\\/logo\\\/image\\\/\"},\"sameAs\":[\"https:\\\/\\\/www.facebook.com\\\/skialpASVgossensass\",\"https:\\\/\\\/www.instagram.com\\\/skialpgossensass\\\/\"]}]}<\/script>\n<!-- \/ Yoast SEO plugin. -->","yoast_head_json":{"title":"Impresso &#8212; ASV Gossensa\u00df","robots":{"index":"index","follow":"follow","max-snippet":"max-snippet:-1","max-image-preview":"max-image-preview:large","max-video-preview":"max-video-preview:-1"},"canonical":"https:\/\/sv-gossensass.org\/it\/impresso\/","twitter_card":"summary_large_image","twitter_title":"Impresso &#8212; ASV Gossensa\u00df","twitter_description":"[vc_row type=&#8221;in_container&#8221; full_screen_row_position=&#8221;middle&#8221; column_margin=&#8221;default&#8221; column_direction=&#8221;default&#8221; column_direction_tablet=&#8221;default&#8221; column_direction_phone=&#8221;default&#8221; scene_position=&#8221;center&#8221; text_color=&#8221;dark&#8221; text_align=&#8221;left&#8221; row_border_radius=&#8221;none&#8221; row_border_radius_applies=&#8221;bg&#8221; overflow=&#8221;visible&#8221; overlay_strength=&#8221;0.3&#8243; gradient_direction=&#8221;left_to_right&#8221; shape_divider_position=&#8221;bottom&#8221; bg_image_animation=&#8221;none&#8221; shape_type=&#8221;&#8221;][vc_column column_padding=&#8221;no-extra-padding&#8221; column_padding_tablet=&#8221;inherit&#8221; column_padding_phone=&#8221;inherit&#8221; column_padding_position=&#8221;all&#8221; column_element_direction_desktop=&#8221;default&#8221; column_element_spacing=&#8221;default&#8221; desktop_text_alignment=&#8221;default&#8221; tablet_text_alignment=&#8221;default&#8221; phone_text_alignment=&#8221;default&#8221; background_color_opacity=&#8221;1&#8243; background_hover_color_opacity=&#8221;1&#8243; column_backdrop_filter=&#8221;none&#8221;...","schema":{"@context":"https:\/\/schema.org","@graph":[{"@type":"WebPage","@id":"https:\/\/sv-gossensass.org\/it\/impresso\/","url":"https:\/\/sv-gossensass.org\/it\/impresso\/","name":"Impresso &#8212; ASV Gossensa\u00df","isPartOf":{"@id":"https:\/\/sv-gossensass.org\/#website"},"datePublished":"2025-02-20T19:00:14+00:00","dateModified":"2025-08-27T15:17:59+00:00","breadcrumb":{"@id":"https:\/\/sv-gossensass.org\/it\/impresso\/#breadcrumb"},"inLanguage":"it-IT","potentialAction":[{"@type":"ReadAction","target":["https:\/\/sv-gossensass.org\/it\/impresso\/"]}]},{"@type":"BreadcrumbList","@id":"https:\/\/sv-gossensass.org\/it\/impresso\/#breadcrumb","itemListElement":[{"@type":"ListItem","position":1,"name":"Pagina iniziale","item":"https:\/\/sv-gossensass.org\/it\/"},{"@type":"ListItem","position":2,"name":"Impresso"}]},{"@type":"WebSite","@id":"https:\/\/sv-gossensass.org\/#website","url":"https:\/\/sv-gossensass.org\/","name":"ASV Gossensa\u00df","description":"Societ\u00e0 Sportiva Dilettantistica Alto Adige","publisher":{"@id":"https:\/\/sv-gossensass.org\/#organization"},"alternateName":"Amateursportverein in Gossensass S\u00fcdtirol","potentialAction":[{"@type":"SearchAction","target":{"@type":"EntryPoint","urlTemplate":"https:\/\/sv-gossensass.org\/?s={search_term_string}"},"query-input":{"@type":"PropertyValueSpecification","valueRequired":true,"valueName":"search_term_string"}}],"inLanguage":"it-IT"},{"@type":"Organization","@id":"https:\/\/sv-gossensass.org\/#organization","name":"ASV Gossensa\u00df","alternateName":"Amateursportverein in Gossensass S\u00fcdtirol","url":"https:\/\/sv-gossensass.org\/","logo":{"@type":"ImageObject","inLanguage":"it-IT","@id":"https:\/\/sv-gossensass.org\/#\/schema\/logo\/image\/","url":"https:\/\/sv-gossensass.org\/wp-content\/uploads\/2025\/02\/asv-gossensass-logo-8001-1.png","contentUrl":"https:\/\/sv-gossensass.org\/wp-content\/uploads\/2025\/02\/asv-gossensass-logo-8001-1.png","width":1917,"height":771,"caption":"ASV Gossensa\u00df"},"image":{"@id":"https:\/\/sv-gossensass.org\/#\/schema\/logo\/image\/"},"sameAs":["https:\/\/www.facebook.com\/skialpASVgossensass","https:\/\/www.instagram.com\/skialpgossensass\/"]}]}},"_links":{"self":[{"href":"https:\/\/sv-gossensass.org\/it\/wp-json\/wp\/v2\/pages\/855","targetHints":{"allow":["GET"]}}],"collection":[{"href":"https:\/\/sv-gossensass.org\/it\/wp-json\/wp\/v2\/pages"}],"about":[{"href":"https:\/\/sv-gossensass.org\/it\/wp-json\/wp\/v2\/types\/page"}],"author":[{"embeddable":true,"href":"https:\/\/sv-gossensass.org\/it\/wp-json\/wp\/v2\/users\/1"}],"replies":[{"embeddable":true,"href":"https:\/\/sv-gossensass.org\/it\/wp-json\/wp\/v2\/comments?post=855"}],"version-history":[{"count":7,"href":"https:\/\/sv-gossensass.org\/it\/wp-json\/wp\/v2\/pages\/855\/revisions"}],"predecessor-version":[{"id":1092,"href":"https:\/\/sv-gossensass.org\/it\/wp-json\/wp\/v2\/pages\/855\/revisions\/1092"}],"wp:attachment":[{"href":"https:\/\/sv-gossensass.org\/it\/wp-json\/wp\/v2\/media?parent=855"}],"curies":[{"name":"wp","href":"https:\/\/api.w.org\/{rel}","templated":true}]}}